{"id":2980,"date":"2023-04-17T11:27:52","date_gmt":"2023-04-17T11:27:52","guid":{"rendered":"https:\/\/www.fairmont-manoir-richelieu.com\/?page_id=2980"},"modified":"2026-04-15T19:04:47","modified_gmt":"2026-04-15T19:04:47","slug":"fetes-et-evenements-speciaux","status":"publish","type":"page","link":"https:\/\/www.fairmont-manoir-richelieu.com\/fr\/explorer\/fetes-et-evenements-speciaux\/","title":{"rendered":"F\u00eates et \u00e9v\u00e9nements sp\u00e9ciaux"},"content":{"rendered":"","protected":false},"excerpt":{"rendered":"","protected":false},"author":4,"featured_media":0,"parent":2025,"menu_order":90,"comment_status":"closed","ping_status":"closed","template":"","meta":{"_acf_changed":false},"class_list":["post-2980","page","type-page","status-publish","hentry"],"acf":[],"aioseo_notices":[],"_links":{"self":[{"href":"https:\/\/www.fairmont-manoir-richelieu.com\/fr\/wp-json\/wp\/v2\/pages\/2980","targetHints":{"allow":["GET"]}}],"collection":[{"href":"https:\/\/www.fairmont-manoir-richelieu.com\/fr\/wp-json\/wp\/v2\/pages"}],"about":[{"href":"https:\/\/www.fairmont-manoir-richelieu.com\/fr\/wp-json\/wp\/v2\/types\/page"}],"author":[{"embeddable":true,"href":"https:\/\/www.fairmont-manoir-richelieu.com\/fr\/wp-json\/wp\/v2\/users\/4"}],"replies":[{"embeddable":true,"href":"https:\/\/www.fairmont-manoir-richelieu.com\/fr\/wp-json\/wp\/v2\/comments?post=2980"}],"version-history":[{"count":10,"href":"https:\/\/www.fairmont-manoir-richelieu.com\/fr\/wp-json\/wp\/v2\/pages\/2980\/revisions"}],"predecessor-version":[{"id":15393,"href":"https:\/\/www.fairmont-manoir-richelieu.com\/fr\/wp-json\/wp\/v2\/pages\/2980\/revisions\/15393"}],"up":[{"embeddable":true,"href":"https:\/\/www.fairmont-manoir-richelieu.com\/fr\/wp-json\/wp\/v2\/pages\/2025"}],"wp:attachment":[{"href":"https:\/\/www.fairmont-manoir-richelieu.com\/fr\/wp-json\/wp\/v2\/media?parent=2980"}],"curies":[{"name":"wp","href":"https:\/\/api.w.org\/{rel}","templated":true}]}}