{"id":2019,"date":"2022-03-08T13:25:49","date_gmt":"2022-03-08T13:25:49","guid":{"rendered":"https:\/\/www.fairmont-manoir-richelieu.com\/?page_id=2019"},"modified":"2026-01-14T19:51:14","modified_gmt":"2026-01-14T19:51:14","slug":"equipe-evenementiel","status":"publish","type":"page","link":"https:\/\/www.fairmont-manoir-richelieu.com\/fr\/reunions\/equipe-evenementiel\/","title":{"rendered":"\u00c9quipe \u00e9v\u00e8nementielle"},"content":{"rendered":"","protected":false},"excerpt":{"rendered":"","protected":false},"author":4,"featured_media":0,"parent":2007,"menu_order":97,"comment_status":"closed","ping_status":"closed","template":"","meta":{"_acf_changed":false},"class_list":["post-2019","page","type-page","status-publish","hentry"],"acf":[],"aioseo_notices":[],"_links":{"self":[{"href":"https:\/\/www.fairmont-manoir-richelieu.com\/fr\/wp-json\/wp\/v2\/pages\/2019","targetHints":{"allow":["GET"]}}],"collection":[{"href":"https:\/\/www.fairmont-manoir-richelieu.com\/fr\/wp-json\/wp\/v2\/pages"}],"about":[{"href":"https:\/\/www.fairmont-manoir-richelieu.com\/fr\/wp-json\/wp\/v2\/types\/page"}],"author":[{"embeddable":true,"href":"https:\/\/www.fairmont-manoir-richelieu.com\/fr\/wp-json\/wp\/v2\/users\/4"}],"replies":[{"embeddable":true,"href":"https:\/\/www.fairmont-manoir-richelieu.com\/fr\/wp-json\/wp\/v2\/comments?post=2019"}],"version-history":[{"count":10,"href":"https:\/\/www.fairmont-manoir-richelieu.com\/fr\/wp-json\/wp\/v2\/pages\/2019\/revisions"}],"predecessor-version":[{"id":14502,"href":"https:\/\/www.fairmont-manoir-richelieu.com\/fr\/wp-json\/wp\/v2\/pages\/2019\/revisions\/14502"}],"up":[{"embeddable":true,"href":"https:\/\/www.fairmont-manoir-richelieu.com\/fr\/wp-json\/wp\/v2\/pages\/2007"}],"wp:attachment":[{"href":"https:\/\/www.fairmont-manoir-richelieu.com\/fr\/wp-json\/wp\/v2\/media?parent=2019"}],"curies":[{"name":"wp","href":"https:\/\/api.w.org\/{rel}","templated":true}]}}