{"id":14697,"date":"2026-01-29T15:18:35","date_gmt":"2026-01-29T15:18:35","guid":{"rendered":"https:\/\/www.fairmont-manoir-richelieu.com\/?page_id=14697"},"modified":"2026-04-06T18:56:05","modified_gmt":"2026-04-06T18:56:05","slug":"evenements-speciaux-dans-nos-restaurants","status":"publish","type":"page","link":"https:\/\/www.fairmont-manoir-richelieu.com\/fr\/explorer\/fetes-et-evenements-speciaux\/evenements-speciaux-dans-nos-restaurants\/","title":{"rendered":"\u00c9v\u00e9nements sp\u00e9ciaux dans nos restaurants"},"content":{"rendered":"","protected":false},"excerpt":{"rendered":"","protected":false},"author":16,"featured_media":0,"parent":2980,"menu_order":12,"comment_status":"closed","ping_status":"closed","template":"","meta":{"_acf_changed":false},"class_list":["post-14697","page","type-page","status-publish","hentry"],"acf":[],"aioseo_notices":[],"_links":{"self":[{"href":"https:\/\/www.fairmont-manoir-richelieu.com\/fr\/wp-json\/wp\/v2\/pages\/14697","targetHints":{"allow":["GET"]}}],"collection":[{"href":"https:\/\/www.fairmont-manoir-richelieu.com\/fr\/wp-json\/wp\/v2\/pages"}],"about":[{"href":"https:\/\/www.fairmont-manoir-richelieu.com\/fr\/wp-json\/wp\/v2\/types\/page"}],"author":[{"embeddable":true,"href":"https:\/\/www.fairmont-manoir-richelieu.com\/fr\/wp-json\/wp\/v2\/users\/16"}],"replies":[{"embeddable":true,"href":"https:\/\/www.fairmont-manoir-richelieu.com\/fr\/wp-json\/wp\/v2\/comments?post=14697"}],"version-history":[{"count":11,"href":"https:\/\/www.fairmont-manoir-richelieu.com\/fr\/wp-json\/wp\/v2\/pages\/14697\/revisions"}],"predecessor-version":[{"id":15299,"href":"https:\/\/www.fairmont-manoir-richelieu.com\/fr\/wp-json\/wp\/v2\/pages\/14697\/revisions\/15299"}],"up":[{"embeddable":true,"href":"https:\/\/www.fairmont-manoir-richelieu.com\/fr\/wp-json\/wp\/v2\/pages\/2980"}],"wp:attachment":[{"href":"https:\/\/www.fairmont-manoir-richelieu.com\/fr\/wp-json\/wp\/v2\/media?parent=14697"}],"curies":[{"name":"wp","href":"https:\/\/api.w.org\/{rel}","templated":true}]}}